{"id":322,"date":"2023-08-17T17:43:57","date_gmt":"2023-08-17T17:43:57","guid":{"rendered":"http:\/\/backup-090723-a-c-behrendt-hausverwaltung-backup.local\/?page_id=322"},"modified":"2025-12-04T13:17:27","modified_gmt":"2025-12-04T13:17:27","slug":"impressum","status":"publish","type":"page","link":"https:\/\/a-c-behrendt.de\/en\/impressum\/","title":{"rendered":"Imprint"},"content":{"rendered":"<div class=\"section-wrapper\" data-id=\"WbZDuZ\"><section class=\"wp-block-gutenverse-section guten-element guten-section guten-WbZDuZ layout-boxed align-stretch\"><div class=\"guten-container guten-column-gap-default\">\n<div class=\"wp-block-gutenverse-column guten-element guten-column guten-e4xk2M\"><div class=\"guten-column-wrapper\" data-id=\"e4xk2M\">\n<div class=\"wp-block-group has-small-font-size is-layout-constrained wp-block-group-is-layout-constrained\">\n<p class=\"has-sixth-color has-text-color\"><strong>A. C. Behrendt Hausverwaltungen GmbH<\/strong><\/p>\n\n\n\n<p class=\"has-third-color has-text-color\">Kurf\u00fcrstendamm 37, 10719 Berlin<\/p>\n\n\n\n<p class=\"has-third-color has-text-color has-link-color wp-elements-c940e31bfabc156570661c0dd0199ef4\">Telefon: +49 (30) 881 83 90<br>Telefax: +49 (30) 882 59 90<\/p>\n\n\n\n<p class=\"has-third-color has-text-color has-link-color wp-elements-ff302b76a34dc0dbfb4f370bcedbea30\"><br>E-Mail: <\/p>\n\n\n\n<p>Mietenbuchhaltung: <a>miete@a-c-behrendt.de<\/a><\/p>\n\n\n\n<p>WEG-Verwaltung: weg@a-c-behrendt.de<\/p>\n\n\n\n<p>Rechnungen \/ Buchhaltung: rechnung@a-c-behrendt.de<\/p>\n\n\n\n<p><\/p>\n\n\n\n<p class=\"has-third-color has-text-color has-link-color wp-elements-6cc82636765d0a1b7f4670d3780fa67f\">Gesch\u00e4ftsf\u00fchrer: Marcus Bormann<\/p>\n\n\n\n<p class=\"has-third-color has-text-color has-link-color wp-elements-084bb4502b2cfda95850b75668b334ae\">Registergericht: Amtsgericht Charlottenburg<br>Registernummer: HRB 55876 B<\/p>\n\n\n\n<p class=\"has-third-color has-text-color\">Umsatzsteuer-Identifikationsnummer gem\u00e4\u00df \u00a7 27a Umsatzsteuergesetz: DE173973657<br>Steuernummer: 27\/032\/31603<br><br><\/p>\n<\/div>\n\n\n\n<p><\/p>\n\n\n\n<div class=\"wp-block-group has-small-font-size is-layout-constrained wp-block-group-is-layout-constrained\">\n<h4 class=\"wp-block-heading\">HAFTUNGSAUSSCHLUSS (DISCLAIMER)<\/h4>\n\n\n\n<div class=\"wp-block-group is-layout-constrained wp-block-group-is-layout-constrained\">\n<p><strong>Haftung f\u00fcr Inhalte<\/strong><\/p>\n\n\n\n<p class=\"has-third-color has-text-color\">Als Diensteanbieter sind wir gem\u00e4\u00df \u00a7 7 Abs. 1 TMG f\u00fcr eigene Inhalte auf diesen Seiten nach den allgemeinen Gesetzen verantwortlich. Nach \u00a7\u00a7 8 bis 10 TMG sind wir jedoch nicht verpflichtet, \u00fcbermittelte oder gespeicherte fremde Informationen zu \u00fcberwachen oder nach Umst\u00e4nden zu forschen, die auf eine rechtswidrige T\u00e4tigkeit hinweisen. Verpflichtungen zur Entfernung oder Sperrung der Nutzung von Informationen nach den allgemeinen Gesetzen bleiben hiervon unber\u00fchrt. Eine diesbez\u00fcgliche Haftung ist jedoch erst ab dem Zeitpunkt der Kenntnis einer konkreten Rechtsverletzung m\u00f6glich. Bei Bekanntwerden von entsprechenden Rechtsverletzungen werden wir diese Inhalte umgehend entfernen.<br><\/p>\n<\/div>\n\n\n\n<p><\/p>\n\n\n\n<p><\/p>\n\n\n\n<div class=\"wp-block-group is-layout-constrained wp-block-group-is-layout-constrained\">\n<p><strong>Haftung f\u00fcr Links<\/strong><\/p>\n\n\n\n<p class=\"has-third-color has-text-color\">Unser Angebot enth\u00e4lt Links zu externen Webseiten Dritter, auf deren Inhalte wir keinen Einfluss haben. Deshalb k\u00f6nnen wir f\u00fcr diese fremden Inhalte auch keine Gew\u00e4hr \u00fcbernehmen. F\u00fcr die Inhalte der verlinkten Seiten ist stets der jeweilige Anbieter oder Betreiber der Seiten verantwortlich. Die verlinkten Seiten wurden zum Zeitpunkt der Verlinkung auf m\u00f6gliche Rechtsverst\u00f6\u00dfe \u00fcberpr\u00fcft. Rechtswidrige Inhalte waren zum Zeitpunkt der Verlinkung nicht erkennbar. Eine permanente inhaltliche Kontrolle der verlinkten Seiten ist jedoch ohne konkrete Anhaltspunkte einer Rechtsverletzung nicht zumutbar. Bei Bekanntwerden von Rechtsverletzungen werden wir derartige Links umgehend entfernen.<br><\/p>\n<\/div>\n\n\n\n<p><\/p>\n\n\n\n<p><\/p>\n\n\n\n<div class=\"wp-block-group is-layout-constrained wp-block-group-is-layout-constrained\">\n<p><strong>Urheberrecht<\/strong><\/p>\n\n\n\n<p class=\"has-third-color has-text-color\">Die durch die Seitenbetreiber erstellten Inhalte und Werke auf diesen Seiten unterliegen dem deutschen Urheberrecht. Die Vervielf\u00e4ltigung, Bearbeitung, Verbreitung und jede Art der Verwertung au\u00dferhalb der Grenzen des Urheberrechts bed\u00fcrfen der schriftlichen Zustimmung des jeweiligen Autors bzw. Erstellers. Downloads und Kopien dieser Seite sind nur f\u00fcr den privaten, nicht kommerziellen Gebrauch gestattet. Soweit die Inhalte auf dieser Seite nicht vom Betreiber erstellt wurden, werden die Urheberrechte Dritter beachtet. Insbesondere werden Inhalte Dritter als solche gekennzeichnet. Sollten Sie trotzdem auf eine Urheberrechtsverletzung aufmerksam werden, bitten wir um einen entsprechenden Hinweis. Bei Bekanntwerden von Rechtsverletzungen werden wir derartige Inhalte umgehend entfernen.<\/p>\n<\/div>\n<\/div>\n<\/div><\/div>\n<\/div><\/section><\/div>","protected":false},"excerpt":{"rendered":"","protected":false},"author":1,"featured_media":0,"parent":0,"menu_order":0,"comment_status":"closed","ping_status":"closed","template":"","meta":{"footnotes":""},"class_list":["post-322","page","type-page","status-publish","hentry"],"aioseo_notices":[],"_links":{"self":[{"href":"https:\/\/a-c-behrendt.de\/en\/wp-json\/wp\/v2\/pages\/322","targetHints":{"allow":["GET"]}}],"collection":[{"href":"https:\/\/a-c-behrendt.de\/en\/wp-json\/wp\/v2\/pages"}],"about":[{"href":"https:\/\/a-c-behrendt.de\/en\/wp-json\/wp\/v2\/types\/page"}],"author":[{"embeddable":true,"href":"https:\/\/a-c-behrendt.de\/en\/wp-json\/wp\/v2\/users\/1"}],"replies":[{"embeddable":true,"href":"https:\/\/a-c-behrendt.de\/en\/wp-json\/wp\/v2\/comments?post=322"}],"version-history":[{"count":19,"href":"https:\/\/a-c-behrendt.de\/en\/wp-json\/wp\/v2\/pages\/322\/revisions"}],"predecessor-version":[{"id":3530,"href":"https:\/\/a-c-behrendt.de\/en\/wp-json\/wp\/v2\/pages\/322\/revisions\/3530"}],"wp:attachment":[{"href":"https:\/\/a-c-behrendt.de\/en\/wp-json\/wp\/v2\/media?parent=322"}],"curies":[{"name":"wp","href":"https:\/\/api.w.org\/{rel}","templated":true}]}}