{"id":80,"date":"2023-06-16T19:56:14","date_gmt":"2023-06-16T19:56:14","guid":{"rendered":"http:\/\/backup-090723-a-c-behrendt-hausverwaltung-backup.local\/?page_id=80"},"modified":"2024-05-29T08:07:33","modified_gmt":"2024-05-29T08:07:33","slug":"uber-uns","status":"publish","type":"page","link":"https:\/\/a-c-behrendt.de\/en\/uber-uns\/","title":{"rendered":"About us"},"content":{"rendered":"<div class=\"section-wrapper\" data-id=\"paIF2I\"><section class=\"wp-block-gutenverse-section guten-element guten-section guten-paIF2I layout-boxed align-stretch\"><div class=\"guten-background-overlay\"><\/div><div class=\"guten-shape-divider guten-shape-divider-top\"><\/div><div class=\"guten-shape-divider guten-shape-divider-bottom\"><\/div><div class=\"guten-container guten-column-gap-default\">\n<div class=\"wp-block-gutenverse-column guten-element guten-column guten-aLkfxk\"><div class=\"guten-background-overlay\"><\/div><div class=\"sticky-wrapper\" data-id=\"aLkfxk\"><div class=\"guten-column-wrapper\">\n<h2 class=\"wp-block-gutenverse-heading guten-element guten-GlVwlZ\">Tradition obliges!<\/h2>\n\n\n\n<div class=\"guten-element gutenverse-text-editor guten-4sfFD0\"><div class=\"text-content-inner\">\n<p class=\"has-text-align-center\">And Mrs. Heidrun Bormann took this to heart in 1996 when she took over the property management division of the Behrendt company. As a longtime executive of the <strong>110 year old successful traditional house<\/strong> she felt honored to continue the Artur Caesar Behrendt Hausverwaltungen GmbH with the proven conventional business philosophy \u2013 <strong>without losing the overview for market changes and innovative service thinking!<\/strong> Im Jahre 2003 stieg ihr Sohn Marcus Bormann in den Betrieb ein. Seit 2022 ist er alleiniger Gesch\u00e4ftsf\u00fchrer der Hausverwaltung, welche sich t\u00e4glich um rund <strong>3.000 Wohneinheiten<\/strong> on a daily basis. <\/p>\n<\/div><\/div>\n<\/div><\/div><\/div>\n\n\n\n<div class=\"wp-block-gutenverse-column guten-element guten-column guten-GpqR0b\"><div class=\"guten-background-overlay\"><\/div><div class=\"sticky-wrapper\" data-id=\"GpqR0b\"><div class=\"guten-column-wrapper\">\n<div class=\"wp-block-gutenverse-image guten-element guten-image guten-lT0lf1\"><a class=\"guten-image-wrapper\"><img loading=\"lazy\" decoding=\"async\" class=\"gutenverse-image-box-filled\" src=\"http:\/\/a-c-behrendt.de\/wp-content\/uploads\/2023\/07\/BI-01-scaled.jpg\" height=\"1920\" width=\"2560\"\/><\/a><\/div>\n<\/div><\/div><\/div>\n<\/div><\/section><\/div>\n\n\n\n<div class=\"section-wrapper\" data-id=\"dC1gqn\"><section class=\"wp-block-gutenverse-section guten-element guten-section guten-dC1gqn layout-boxed align-stretch\"><div class=\"guten-background-overlay\"><\/div><div class=\"guten-shape-divider guten-shape-divider-top\"><\/div><div class=\"guten-shape-divider guten-shape-divider-bottom\"><\/div><div class=\"guten-container guten-column-gap-default\">\n<div class=\"wp-block-gutenverse-column guten-element guten-column guten-NTUFxV\"><div class=\"guten-background-overlay\"><\/div><div class=\"sticky-wrapper\" data-id=\"NTUFxV\"><div class=\"guten-column-wrapper\">\n<div class=\"wp-block-gutenverse-image guten-element guten-image guten-1VDUfn\"><a class=\"guten-image-wrapper\"><img loading=\"lazy\" decoding=\"async\" class=\"gutenverse-image-box-filled\" src=\"http:\/\/a-c-behrendt.de\/wp-content\/uploads\/2023\/06\/ueberuns.jpg\" height=\"1005\" width=\"1500\"\/><\/a><\/div>\n<\/div><\/div><\/div>\n\n\n\n<div class=\"wp-block-gutenverse-column guten-element guten-column guten-Tppkf2\"><div class=\"guten-background-overlay\"><\/div><div class=\"sticky-wrapper\" data-id=\"Tppkf2\"><div class=\"guten-column-wrapper\">\n<div class=\"guten-element gutenverse-text-editor guten-NRIYdP\"><div class=\"text-content-inner\">\n<p class=\"has-text-align-center\">The vision of <strong>\"everything from one source\"<\/strong> manifests itself into reality: Through seminars and further training, Marcus Bormann's new path crystallizes more and more, and thus a new company was born in May 2005: <strong>BORMANN IMMOBILIEN GMBH<\/strong>With an excellent feeling for new, profitable challenges, Mr. Bormann takes care of his always satisfied customers. In his daily business he deals with <strong>national buyers<\/strong> sowie auch <strong>international partners.<\/strong> The main focus of his activities is the <strong>sale of existing properties<\/strong> and the <strong>sale of property development projects<\/strong> as well as <strong>the project planning and brokerage of land and investment properties.<\/strong>In addition, Bormann Immobilien GmbH offers <strong>professional consulting and value mediation of properties<\/strong> through professional partners in the field of architecture &amp; appraisal.<\/p>\n<\/div><\/div>\n<\/div><\/div><\/div>\n<\/div><\/section><\/div>","protected":false},"excerpt":{"rendered":"","protected":false},"author":1,"featured_media":0,"parent":0,"menu_order":0,"comment_status":"closed","ping_status":"closed","template":"","meta":{"footnotes":""},"class_list":["post-80","page","type-page","status-publish","hentry"],"aioseo_notices":[],"_links":{"self":[{"href":"https:\/\/a-c-behrendt.de\/en\/wp-json\/wp\/v2\/pages\/80","targetHints":{"allow":["GET"]}}],"collection":[{"href":"https:\/\/a-c-behrendt.de\/en\/wp-json\/wp\/v2\/pages"}],"about":[{"href":"https:\/\/a-c-behrendt.de\/en\/wp-json\/wp\/v2\/types\/page"}],"author":[{"embeddable":true,"href":"https:\/\/a-c-behrendt.de\/en\/wp-json\/wp\/v2\/users\/1"}],"replies":[{"embeddable":true,"href":"https:\/\/a-c-behrendt.de\/en\/wp-json\/wp\/v2\/comments?post=80"}],"version-history":[{"count":39,"href":"https:\/\/a-c-behrendt.de\/en\/wp-json\/wp\/v2\/pages\/80\/revisions"}],"predecessor-version":[{"id":1355,"href":"https:\/\/a-c-behrendt.de\/en\/wp-json\/wp\/v2\/pages\/80\/revisions\/1355"}],"wp:attachment":[{"href":"https:\/\/a-c-behrendt.de\/en\/wp-json\/wp\/v2\/media?parent=80"}],"curies":[{"name":"wp","href":"https:\/\/api.w.org\/{rel}","templated":true}]}}